{"id":233,"date":"2022-01-18T12:05:30","date_gmt":"2022-01-18T11:05:30","guid":{"rendered":"https:\/\/brit-milah.com\/en\/?page_id=233"},"modified":"2022-01-18T17:21:15","modified_gmt":"2022-01-18T16:21:15","slug":"books_papers_lectures","status":"publish","type":"page","link":"https:\/\/brit-milah.com\/en\/the-mohel\/books_papers_lectures\/","title":{"rendered":"Books, Papers, Lectures&#8230;"},"content":{"rendered":"<p>&nbsp;<\/p>\n<p>&nbsp;<\/p>\n<p style=\"text-align: right;\">\u05d1 &#8220;\u05d4<\/p>\n<p>The Mohel R&#8217; Eliyahu Bakish is also a certified marriage Rabbi (<em>Mesader hupa vekedushin<\/em>\u00a0&#8211; see <span style=\"font-size: 8pt;\"><a href=\"https:\/\/brit-milah.com\/ketouba_2021\/.\">https:\/\/brit-milah.com\/ketouba_2021\/\u00a0<\/a><\/span>) and an Avrekh in a Collel.<\/p>\n<p>He has written books and papers, done lectures, and is the\u00a0 Editor of the halachic collection &#8220;<em>Derekh mitzvotekha<\/em>&#8220;.<\/p>\n<p>&nbsp;<\/p>\n<p><strong><u>I- MAIN PERSONAL PUBLICATIONS<\/u><\/strong><\/p>\n<p><strong>HALACHIC STUDIES <\/strong><\/p>\n<p><strong>Circumcision <\/strong><\/p>\n<p>&#8211; BOOK (Hebrew) &#8211; R&#8217; Eliyahu Bakish (2017), &#8220;<em>A son is born<\/em>&#8220;.\u00a0 \u05d1\u05df \u05d1\u05d0 \u05dc\u05e0\u05d5 \/ Ben ba lanou. 176 pages. Haifa. June 2017. ISBN- 979-10-90638-15-0.\u00a0 Twelve rabbinical permissions and recommendations.<\/p>\n<p>&#8211; R&#8217; Eliyahu Bakish (2019), &#8220;The birth of a boy heals the whole family&#8221;. Aggada or halakha? (In Hebrew), pp. 77-104, in R&#8217; Eliyahu Bakish and R&#8217; Ra&#8217;hamim Moshayov (Editors, 2019), <em>Kovets Michkane chalom. Halakhot sema&#8217;hot<\/em>, Kollel Nachaleh Ha-tzadik, Jerusalem, 152 pp.<\/p>\n<p>&#8211; R&#8217; Eliyahu Bakish (2021), &#8220;Hala&#8217;hot in the Cycle of Life. First stage &#8211; Brit-Milah&#8221;, an article published in the magazine <em>Aeish sheli<\/em>, n\u00b0 4, pp. 31-33<\/p>\n<p>&#8211; R&#8217; Eliyahu Bakish (2021, chapter written following an interview with R&#8217; Tuvia Bloy \u05d4\u05e8\u05d1 \u05d8\u05d5\u05d1\u05d9\u05d4 \u05d1\u05dc\u05d5\u05d9 2021). &#8220;Chabad customs regarding the Brit-milah&#8221; \u05de\u05e0\u05d4\u05d2\u05d9 \u05d7\u05d1\u05f4\u05d3 \u05d1\u05d1\u05e8\u05d9\u05ea \u05de\u05d9\u05dc\u05d4 &#8211; Text reprinted in Rav Tuvia Bloy (2021), <em>On customs and their sources. Custom chabad \u05e2\u05dc \u05de\u05e0\u05d4\u05d2\u05d9\u05dd \u05d5\u05de\u05e7\u05d5\u05e8\u05d5\u05ea\u05d9\u05d4\u05dd &#8211; \u05de\u05e0\u05d4\u05d2\u05d9 \u05d7\u05d1\u05f4\u05d3.<\/em> Fourth expanded edition \u05de\u05d4\u05d3\u05d5\u05e8\u05d4 \u05e8\u05d1\u05d9\u05e2\u05d9\u05ea \u05e2\u05dd \u05d4\u05d5\u05e1\u05e4\u05d5\u05ea \u05e8\u05d1\u05d5\u05ea. See pages 301-307<\/p>\n<p><a href=\"https:\/\/chabadshop.com\/products\/%D7%A2%D7%9C-%D7%94%D7%9E%D7%A0%D7%94%D7%92%D7%99%D7%9D-%D7%95%D7%9E%D7%A7%D7%95%D7%A8%D7%95%D7%AA%D7%99%D7%94%D7%9D\"><em><span style=\"font-size: 8pt;\">https:\/\/chabadshop.com\/products\/%D7%A2%D7%9C-%D7%94%D7%9E%D7%A0%D7%94%D7%92%D7%99%D7%9D-%D7%95%D7%9E%D7%A7%D7%95%D7%A8%D7%95%D7%AA%D7%99%D7%94%D7%9D\u00a0<\/span><\/em><\/a><\/p>\n<p>&nbsp;<\/p>\n<p><strong>Marriage<\/strong> (&#8216;Chupa and Kidushin)<\/p>\n<p>&#8211; R&#8217; Eliyahu Bakish (2019), &#8220;On &#8216;Hupa and Kidushin. Lecture in a Seminar organized by Yeshiva Ner Yosef (Giv&#8217;at Zeev).<\/p>\n<p>&nbsp;<\/p>\n<p><strong>Mitzvot<\/strong><\/p>\n<p>&#8211; BOOK (Hebrew) &#8211; \u00a0R&#8217; Eliyahu Bakish (2021), <em>Beth Ch&#8217;ar lamitsvot<\/em>, Collection Derekh mitzvotekha. On the 613 mitzvot, and the special importance of Torah study and Brit-milah. Recommendation of Rav David Lau shlita Rav harashi l\u00e9israel (p. VIII), Rav Shlomo Suissa shlita (p. IX), Rav Yitzhak Yossef shlita Rishon l\u00e9Tsion l\u00e9israel (p. X-XII). Abstracts (French; English; Hebrew). References.\u00a0 Collection Derekh Mitzvotekha, Hotsaat Bakish, Kiryat Ata. , 124 p. ISBN: 979-10-90638-39-6 &#8211; See the review by R&#8217; Yona Ghertman and extensive excerpts from the book on the french virtual Review &#8221; <em>Le site des Etudes juives<\/em>&#8221; (Jewish Studies website) <a href=\"http:\/\/www.lesitedesetudesjuives.fr\/pages\/halakha\/philosophie-de-la-halakha\/une-hierarchie-des-mitsvote-par-rav-e-bakis.html\"><span style=\"font-size: 8pt;\"><em>http:\/\/www.lesitedesetudesjuives.fr\/pages\/halakha\/philosophie-de-la-halakha\/une-hierarchie-des-mitsvote-par-rav-e-bakis.html<\/em><\/span><\/a><\/p>\n<p>&nbsp;<\/p>\n<p><strong>Halacha and History<\/strong><\/p>\n<p>&#8211; BOOK (French) &#8211; R&#8217; Eliyahu Bakish (2018), &#8220;<em>Recent halachic references presented in the style of Mishna Berura<\/em> (74 pages). \u05d4\u05de\u05e9\u05da \u05d1\u05d9\u05d0\u05d5\u05e8 \u05d4\u05e9\u05d5\u05dc\u05d7\u05df \u05e2\u05e8\u05d5\u05da \u05d1\u05e1\u05d2\u05e0\u05d5\u05df \u05d4\u05de\u05e9\u05e0\u05d4 \u05d1\u05e8\u05d5\u05e8\u05d4.\u00a0 Recommendation of Rav Meir Abitbol shlita (p. 9). Abstracts (French: pp. 11-12; English: p. 72; Hebrew: pp. 74-73). References pp. 51-70.\u00a0 Collection Derekh Mitzvotekha, Hotsaat Bakish, Kiryat Ata. This study has been included in <em>Hebrewbooks.org<\/em>, the American online rabbinic library, under number 58895. It can be downloaded from: <span style=\"font-size: 8pt;\"><em><a href=\"http:\/\/hebrewbooks.org\/58895\">http:\/\/hebrewbooks.org\/58895<\/a><\/em><\/span><\/p>\n<p>&nbsp;<\/p>\n<p><strong>Laws of Family Purity<\/strong><\/p>\n<p>&#8211; BOOK (French) \u00a0R&#8217; Eliyahu Bakis (2021), &#8220;<em>The Crown of Her Husband. Family Purity<\/em>&#8220;,\u00a0 Collection Derekh mitsvot\u00e9kha. Printed in Montpellier, 152 p. Second enlarged edition (1st ed. June 2020); see the review by R&#8217; Yona Ghertman and extensive excerpts from the book on the french virtual Review &#8221; <em>Le site des Etudes juives<\/em>&#8221; (Jewish Studies website) <span style=\"font-size: 8pt;\"><em><a href=\"http:\/\/www.lesitedesetudesjuives.fr\/pages\/ouvrages-conseilles\/auteurs-francais\/la-couronne-de-son-mari.html.\">http:\/\/www.lesitedesetudesjuives.fr\/pages\/ouvrages-conseilles\/auteurs-francais\/la-couronne-de-son-mari.html.<\/a><\/em><\/span><\/p>\n<p>&#8211; R&#8217; Eliyahu Bakis (November 2020), &#8220;Actuality of Mikveh Construction&#8221; (French), <span style=\"font-size: 8pt;\"><a href=\"https:\/\/editionsbakish.com\/actualite-de-la-construction-de-mikves\/\"><em>https:\/\/editionsbakish.com\/actualite-de-la-construction-de-mikves\/<\/em><\/a><\/span><\/p>\n<p>&nbsp;<\/p>\n<p><strong>Sema&#8217;hot <\/strong><\/p>\n<p>&#8211; R&#8217; Eliyahu Bakis (2019), a chapter in a collective work &#8220;The birth of a boy heals the whole family: halacha or aggada \/ Nolad ben zakhar nitrapa hamichpa&#8217;ha: halacha or aggada?\u00a0 On Chapter 394 of the Yore De&#8217;a portion of the Shulchan Arukh, pages 77-104 of the collective work edited by R&#8217; Eliyahu Bakis and R&#8217; Ra&#8217;hamim Moshayov (Editors, 2019), <em>Kovets Mishkane Shalom<\/em>. Halakhot sema&#8217;hot, Kollel Nachale Ha-tzadik, Jerusalem, 152 pp.<\/p>\n<p>&nbsp;<\/p>\n<p><strong>Kosher Rules &#8211; Measures<\/strong><\/p>\n<p>&#8211; R&#8217; Eliyahu Bakish (2015), &#8220;Is the food produced by the bee kosher?&#8221;. Jerusalem, 12 p. <a href=\"https:\/\/editionsbakish.com\/node\/1757\">https:\/\/editionsbakish.com\/node\/1757<\/a>.<\/p>\n<p>&#8211; R&#8217; Eliyahu Bakish (2014 and subsequent years), &#8220;Warning against insects in food. Lecture in a Seminar organized by Yeshiva Ner Yosef (Giv&#8217;at Zeev).<\/p>\n<p>&#8211; R&#8217; Eliyahu Bakish (2021), &#8220;The Finite in the Service of the Infinite. Preface to the Inventory of Measures and Coins in the Bible and Talmud and their Halakhic Implications&#8221;. <span style=\"font-size: 8pt;\"><em>https:\/\/editionsbakish.com\/13414-2<\/em><\/span> pp. XV-XXII (October).<\/p>\n<p>&nbsp;<\/p>\n<p><strong>On Jewish holidays <\/strong><\/p>\n<p>&#8211; R&#8217; Eliyahu Bakish (2016), &#8220;Getting Ready for Tu Bishvat &#8211; Quizz. Questions &amp; Answers&#8221;. Lecture given in the Seminar of Yeshivat Ner Yosef, Giv&#8217;at Zeev, January. Online: Feb. 2016, https:\/\/editionsbakish.com\/node\/1864 and https:\/\/editionsbakish.com\/node\/1906<\/p>\n<p>&#8211; R&#8217; Eliyahu Bakish (2012), &#8220;A Bath of Light. A parable for enjoying the spiritual lights of the month of Elul. Jerusalem, 2012. 14 p. https:\/\/editionsbakish.com\/node\/528.<\/p>\n<p>&#8211; R&#8217; Eliyahu Bakish (2011), &#8220;Sharing the Light. A parable for enjoying the spiritual lights of Chanukah&#8221;. Jerusalem, 2011. 26 p. Text published online by <span style=\"font-size: 8pt;\"><em><a href=\"https:\/\/www.toraconnection.com\/ner-mea-partager-lumiere-2\/\">https:\/\/www.toraconnection.com\/ner-mea-partager-lumiere-2\/<\/a><\/em><\/span> and <em><span style=\"font-size: 8pt;\"><a href=\"https:\/\/editionsbakish.com\/node\/15\">https:\/\/editionsbakish.com\/node\/15<\/a><\/span><\/em>.<\/p>\n<p>&nbsp;<\/p>\n<p><strong>EXEGESE<\/strong><\/p>\n<p>&#8211; R&#8217; Eliyahu Bakish (March 2020), &#8220;&#8216;Hidushim on the parashah and Corona virus &#8211; Reflections on the parashah of the week, in the context of the Covid-19\u2033 crisis. Posted online March 20, <span style=\"font-size: 8pt;\"><a href=\"https:\/\/editionsbakish.com\/hidouchim-corona\"><em>https:\/\/editionsbakish.com\/hidouchim-corona<\/em><\/a><\/span>. (French)<\/p>\n<p>&#8211; R&#8217; Eliyahu Bakish (2013-current), oral contributions reported in his name in the books of Hillel Bakis, his father: <em>Torah Commentary The Voice of Jacob<\/em> &#8211; 2013; Commentary on the Prophets: <em>Understanding the haftara<\/em> &#8211; 2017-2022;<em> Inventory of measures and currencies in the Bible and Talmud<\/em> &#8211; 2021&#8230;. (French)<\/p>\n<p>&nbsp;<\/p>\n<p><strong>PEDAGOGY <\/strong><\/p>\n<p>&#8211; R&#8217; Eliyahu Bakish (January 2020), &#8220;Talmudic Lesson on Baba Kama&#8221;. Unpublished lecture given at Yeshiva Ner Yosef (Giv&#8217;at Zeev), as part of a Seminar for French speaking students.<\/p>\n<p>&#8211; R&#8217; Eliyahu Bakis (2012), &#8220;Annual Mishnah Berura Study Programme&#8221;. Online: 2012. <span style=\"font-size: 8pt;\"><em><a href=\"https:\/\/editionsbakish.com\/node\/268\">https:\/\/editionsbakish.com\/node\/268<\/a><\/em><\/span>. Jerusalem, 6 p.<\/p>\n<p>&nbsp;<\/p>\n<p><strong>INTERVIEW<\/strong><\/p>\n<p>&#8211; Eliyahu Bakis (2016), &#8220;Interview with Rav Baluka&#8221; Questions to Dayan Rav Shimon Baluka chlita, Founder of the Menorat hamaor community (on a new synagogue in the Newe Ya&#8217;akov Mizra&#8217;h neighbourhood in Jerusalem). <em>Actualit\u00e9 juive<\/em>, n\u00b0 1412, 24 November 2016, section &#8220;Communities&#8221;, p. 38. See also: pages editionsbakish\/7557\/ and editionsbakish.com\/7533\/with several photographs).<\/p>\n<p>&nbsp;<\/p>\n<p><strong><u>II &#8211; CO-EDITOR OF A COLLECTIVE WORK <\/u><\/strong><\/p>\n<p>&#8211; R&#8217; Eliyahu Bakish and R&#8217; Ra&#8217;hamim Moshayov (Editors, 2019), Kovets Michkane chalom. Halakhot Shema&#8217;hot, Collel Nachaleh Ha-Tzadik (Divrey berakha of R&#8217; Yitzchak Yosef chlita, Rishon lezion; introduction of the Rosh Collel; 10 chapters; ten authors), Jerusalem, 152 pp.<\/p>\n<p>&nbsp;<\/p>\n<p><strong><u>III &#8211; HEAD OF THE HALACHIC COLLECTION &#8220;DEREKH MITZVOTEKHA&#8221; <\/u><\/strong><strong><u>\u05d0\u05d5\u05e1\u05e3 \u05d3\u05e8\u05da-\u05de\u05e6\u05d5\u05ea\u05d9\u05da<\/u><\/strong><\/p>\n<p>This collection sheds light on and develops various halachic topics; Several halachic notes (2012 to 2015) and numerous books (2017 to 2021) have already been published in Hebrew or French.<\/p>\n<p>Works by several authors:<\/p>\n<p>&#8211; In Hebrew: <em>Ben ba lanou<\/em> (2017, Laws and Seder of Circumcision); Laws of Seclusion (2018); Laws of Marriage and Choice of Wedding Witnesses (2019); <em>The Gate of Mitzvot<\/em> (2021, on the 613 mitzvot, brit-milah and Torah study):<\/p>\n<p>&#8211; In French: Publications halakhiques, histoire et <em>tendances r\u00e9centes<\/em> (2018); <em>La Couronne de son mari<\/em> (2021, on the Laws of Family Purity); <em>Inventaire des mesures et monnaies de la Bible et du Talmud<\/em> (2021).<\/p>\n<p>&nbsp;<\/p>\n<p><strong><u>IV &#8211; Courses and major lectures (in yechiva or kehalim)<\/u><\/strong><\/p>\n<p>&#8211; R&#8217; Eliyahu Bakis (2020), &#8220;<em>Shalom bayit, couple and family life<\/em>&#8220;. Harish Conference, February 18, Harish<\/p>\n<p>&#8211; Lectures in Seminars organised by the Yeshiva Ner Yosef (Giv&#8217;at Zeev: c. 2014-2017) on various subjects: brit-milah, marriage, kashrut (insects), Talmud.<\/p>\n<p>&#8211; (c. 2009-2016) &#8211; Invited to pronounce derashot before the Kahal of Metz (France) or Montpellier (France).<\/p>\n","protected":false},"excerpt":{"rendered":"<p>&nbsp; &nbsp; \u05d1 &#8220;\u05d4 The Mohel R&#8217; Eliyahu Bakish is also a certified marriage Rabbi (Mesader hupa vekedushin\u00a0&#8211; see https:\/\/brit-milah.com\/ketouba_2021\/\u00a0)&hellip;<\/p>\n","protected":false},"author":1,"featured_media":0,"parent":37,"menu_order":0,"comment_status":"closed","ping_status":"closed","template":"","meta":{"_seopress_robots_primary_cat":"","_seopress_titles_title":"","_seopress_titles_desc":"","_seopress_robots_index":"","_exactmetrics_skip_tracking":false,"_exactmetrics_sitenote_active":false,"_exactmetrics_sitenote_note":"","_exactmetrics_sitenote_category":0,"footnotes":""},"class_list":["post-233","page","type-page","status-publish","hentry"],"_links":{"self":[{"href":"https:\/\/brit-milah.com\/en\/wp-json\/wp\/v2\/pages\/233","targetHints":{"allow":["GET"]}}],"collection":[{"href":"https:\/\/brit-milah.com\/en\/wp-json\/wp\/v2\/pages"}],"about":[{"href":"https:\/\/brit-milah.com\/en\/wp-json\/wp\/v2\/types\/page"}],"author":[{"embeddable":true,"href":"https:\/\/brit-milah.com\/en\/wp-json\/wp\/v2\/users\/1"}],"replies":[{"embeddable":true,"href":"https:\/\/brit-milah.com\/en\/wp-json\/wp\/v2\/comments?post=233"}],"version-history":[{"count":5,"href":"https:\/\/brit-milah.com\/en\/wp-json\/wp\/v2\/pages\/233\/revisions"}],"predecessor-version":[{"id":249,"href":"https:\/\/brit-milah.com\/en\/wp-json\/wp\/v2\/pages\/233\/revisions\/249"}],"up":[{"embeddable":true,"href":"https:\/\/brit-milah.com\/en\/wp-json\/wp\/v2\/pages\/37"}],"wp:attachment":[{"href":"https:\/\/brit-milah.com\/en\/wp-json\/wp\/v2\/media?parent=233"}],"curies":[{"name":"wp","href":"https:\/\/api.w.org\/{rel}","templated":true}]}}