{"id":46,"date":"2019-09-29T01:10:19","date_gmt":"2019-09-28T23:10:19","guid":{"rendered":"https:\/\/brit-milah.com\/en\/?page_id=46"},"modified":"2022-03-01T10:15:45","modified_gmt":"2022-03-01T09:15:45","slug":"mohel-r-eliyahu-bakis","status":"publish","type":"page","link":"https:\/\/brit-milah.com\/en\/the-mohel\/mohel-r-eliyahu-bakis\/","title":{"rendered":"The Mohel R\u2019 Eliyahu Bakis\u00a0"},"content":{"rendered":"<p style=\"text-align: right;\"><span style=\"font-size: 14pt; font-family: verdana, geneva, sans-serif;\"><strong>\u05d1\u05e1\u05f4\u05d3<\/strong><\/span><\/p>\n<p>&nbsp;<\/p>\n<p><span style=\"font-size: 14pt; font-family: verdana, geneva, sans-serif;\">Eliyahu BAKIS (\u05d1\u05e7\u05d9\u05e9) is author of the book on the laws and practice of Jewish circumcision (A son is born to us \/ Ben ba lanou, 2017). This book, written in Hebrew, has obtained many high and rabbinical recommendations.<\/span><\/p>\n<p>&nbsp;<\/p>\n<p><span style=\"font-size: 14pt; font-family: verdana, geneva, sans-serif;\">His <strong>practical training of Mohel<\/strong> was carried out in Jerusalem by the Rav Dr. Hayim ASSOUS chlita and by Rav Y\u00e9&#8217;h\u00e9zkel KEIN chlita (Irgoun berit-milah k\u00e9hilkhatah).<\/span><\/p>\n<p><span style=\"font-size: 14pt; font-family: verdana, geneva, sans-serif;\"><strong>Method of Work<\/strong> &#8211; R &#8216;Eliyahou Bakish uses a traditional method of circumcision with the Maguen (shield) for the protection of the baby. Its instruments are sterilized by steam autoclave or are for single use (presentation of the medical certificate of sterilization of instruments on request).<\/span><\/p>\n<p>&nbsp;<\/p>\n<p><span style=\"font-size: 14pt; font-family: verdana, geneva, sans-serif;\"><strong>Halakhic theory training<\/strong> &#8211; R &#8216;Eliyahou Bakish obtained the certificate issued by the Chief Rabbinate of Israel certifying his Halakhic knowledge on milah (Certificate &#8220;Milah and Guerout&#8221;). This, in addition to other certificates of the Chief Rabbinate of Israel on the subjects :<\/span><\/p>\n<ul>\n<li><span style=\"font-family: verdana, geneva, sans-serif; font-size: 10pt;\"><em>Milah; Gu\u00e9rout \u2013\u00a0\u05de\u05d9\u05dc\u05d4 \u05d5\u05d2\u05d9\u05e8\u05d5\u05ea ;<\/em><\/span><\/li>\n<li><span style=\"font-family: verdana, geneva, sans-serif; font-size: 10pt;\"><em>Chabbat \u2013 \u05e9\u05d1\u05ea ;<\/em><\/span><\/li>\n<li><span style=\"font-family: verdana, geneva, sans-serif; font-size: 10pt;\"><em>\u2018Houpa; Kidouchine \u2013 \u05d7\u05d5\u05e4\u05d4 \u05d5\u05e7\u05d9\u05d3\u05d5\u05e9\u05d9\u05df;\u00a0<\/em><\/span><\/li>\n<li><span style=\"font-family: verdana, geneva, sans-serif; font-size: 10pt;\"><em>T\u00e9phila; B\u00e9rakhot; Beth Knesset; Mezouzot \u2013 \u2018\u05ea\u05e4\u05d9\u05dc\u05d4 \u05d1\u05e8\u05db\u05d5\u05ea \u05d1\u05d9\u05ea \u05db\u05e0\u05e1\u05ea \u05d5\u05de\u05d6\u05d5\u05d6\u05d4;<\/em><\/span><\/li>\n<li><span style=\"font-family: verdana, geneva, sans-serif; font-size: 10pt;\"><em>S\u00e9ma\u2019hot \u2013 \u05e9\u05de\u05d7\u05d5\u05ea ;\u00a0<\/em><\/span><\/li>\n<li><span style=\"font-family: verdana, geneva, sans-serif; font-size: 10pt;\"><em>Nidda<\/em>\u00a0\u2013\u00a0 \u05e0\u05d9\u05d3\u05d4<em>\u00a0;<\/em><\/span><\/li>\n<li><span style=\"font-family: verdana, geneva, sans-serif; font-size: 10pt;\"><em>Surveillance of Kashrut<\/em>.<\/span><\/li>\n<\/ul>\n<p>&nbsp;<\/p>\n<p><span style=\"font-size: 14pt; font-family: verdana, geneva, sans-serif;\">In addition, he holds a <strong>French university<\/strong> degree (Language and Civilization of Israel, Montpellier, France).<\/span><\/p>\n<p>&nbsp;<\/p>\n<p><span style=\"font-size: 14pt; font-family: verdana, geneva, sans-serif;\">R &#8216;Eliyahou Bakish is the author of <strong>several publications<\/strong>. His book <em>Recent Halachic References<\/em> is available on the website of the American Rabbinical Library online hebrewbooks.org (free consultation or download: <a href=\"http:\/\/hebrewbooks.org\/58895\"><span style=\"font-size: 12pt;\"><em>http:\/\/hebrewbooks.org\/5889<\/em><\/span>5<\/a>). His books on family purity laws (in French)\u00a0 as well as the one on <em>Mitzvot<\/em> (in Hebrew) are presented on the <em>Site des Etudes\u00a0 juives, a <\/em>virtual Journal offering articles on Jewish thought and halakha (<a href=\"http:\/\/www.lesitedesetudesjuives.fr\/\"><i>h<span style=\"font-size: 12pt;\">ttp:\/\/www.lesitedesetudesjuives.fr\/<\/span><\/i><\/a><span style=\"font-size: 14pt;\">).\u00a0<\/span><\/span><\/p>\n<p>&nbsp;<\/p>\n<p><span style=\"font-size: 14pt; font-family: verdana, geneva, sans-serif;\">R &#8216;Eliyahou Bakish is at your service for the organization of circumcisions and marriages.<\/span><\/p>\n","protected":false},"excerpt":{"rendered":"<p>\u05d1\u05e1\u05f4\u05d3 &nbsp; Eliyahu BAKIS (\u05d1\u05e7\u05d9\u05e9) is author of the book on the laws and practice of Jewish circumcision (A son&hellip;<\/p>\n","protected":false},"author":1,"featured_media":0,"parent":37,"menu_order":0,"comment_status":"closed","ping_status":"closed","template":"","meta":{"_seopress_robots_primary_cat":"","_seopress_titles_title":"","_seopress_titles_desc":"","_seopress_robots_index":"","_exactmetrics_skip_tracking":false,"_exactmetrics_sitenote_active":false,"_exactmetrics_sitenote_note":"","_exactmetrics_sitenote_category":0,"footnotes":""},"class_list":["post-46","page","type-page","status-publish","hentry"],"_links":{"self":[{"href":"https:\/\/brit-milah.com\/en\/wp-json\/wp\/v2\/pages\/46","targetHints":{"allow":["GET"]}}],"collection":[{"href":"https:\/\/brit-milah.com\/en\/wp-json\/wp\/v2\/pages"}],"about":[{"href":"https:\/\/brit-milah.com\/en\/wp-json\/wp\/v2\/types\/page"}],"author":[{"embeddable":true,"href":"https:\/\/brit-milah.com\/en\/wp-json\/wp\/v2\/users\/1"}],"replies":[{"embeddable":true,"href":"https:\/\/brit-milah.com\/en\/wp-json\/wp\/v2\/comments?post=46"}],"version-history":[{"count":8,"href":"https:\/\/brit-milah.com\/en\/wp-json\/wp\/v2\/pages\/46\/revisions"}],"predecessor-version":[{"id":311,"href":"https:\/\/brit-milah.com\/en\/wp-json\/wp\/v2\/pages\/46\/revisions\/311"}],"up":[{"embeddable":true,"href":"https:\/\/brit-milah.com\/en\/wp-json\/wp\/v2\/pages\/37"}],"wp:attachment":[{"href":"https:\/\/brit-milah.com\/en\/wp-json\/wp\/v2\/media?parent=46"}],"curies":[{"name":"wp","href":"https:\/\/api.w.org\/{rel}","templated":true}]}}